{"id":7510,"date":"2020-04-04T18:27:20","date_gmt":"2020-04-04T16:27:20","guid":{"rendered":"https:\/\/www.native-nanny.de\/weiterempfehlen\/"},"modified":"2021-07-30T22:53:52","modified_gmt":"2021-07-30T20:53:52","slug":"weiterempfehlen","status":"publish","type":"page","link":"https:\/\/www.native-nanny.de\/de\/weiterempfehlen\/","title":{"rendered":"Weiterempfehlen!"},"content":{"rendered":"\t\t<div data-elementor-type=\"wp-page\" data-elementor-id=\"7510\" class=\"elementor elementor-7510 elementor-7505\" data-elementor-post-type=\"page\">\n\t\t\t\t\t\t<section class=\"elementor-section elementor-top-section elementor-element elementor-element-16200d4b elementor-section-boxed elementor-section-height-default elementor-section-height-default\" data-id=\"16200d4b\" data-element_type=\"section\" data-e-type=\"section\">\n\t\t\t\t\t\t<div class=\"elementor-container elementor-column-gap-default\">\n\t\t\t\t\t<div class=\"elementor-column elementor-col-16 elementor-top-column elementor-element elementor-element-6a17f41e\" data-id=\"6a17f41e\" data-element_type=\"column\" data-e-type=\"column\">\n\t\t\t<div class=\"elementor-widget-wrap\">\n\t\t\t\t\t\t\t<\/div>\n\t\t<\/div>\n\t\t\t\t<div class=\"elementor-column elementor-col-66 elementor-top-column elementor-element elementor-element-4583c7f5\" data-id=\"4583c7f5\" data-element_type=\"column\" data-e-type=\"column\">\n\t\t\t<div class=\"elementor-widget-wrap elementor-element-populated\">\n\t\t\t\t\t\t<div class=\"elementor-element elementor-element-1b2f26f5 elementor-widget elementor-widget-heading\" data-id=\"1b2f26f5\" data-element_type=\"widget\" data-e-type=\"widget\" data-widget_type=\"heading.default\">\n\t\t\t\t\t<h1 class=\"elementor-heading-title elementor-size-default\">Weiterempfehlen!<\/h1>\t\t\t\t<\/div>\n\t\t\t\t\t<\/div>\n\t\t<\/div>\n\t\t\t\t<div class=\"elementor-column elementor-col-16 elementor-top-column elementor-element elementor-element-484d73e6\" data-id=\"484d73e6\" data-element_type=\"column\" data-e-type=\"column\">\n\t\t\t<div class=\"elementor-widget-wrap\">\n\t\t\t\t\t\t\t<\/div>\n\t\t<\/div>\n\t\t\t\t\t<\/div>\n\t\t<\/section>\n\t\t\t\t<section class=\"elementor-section elementor-top-section elementor-element elementor-element-072d6cd elementor-section-boxed elementor-section-height-default elementor-section-height-default\" data-id=\"072d6cd\" data-element_type=\"section\" data-e-type=\"section\">\n\t\t\t\t\t\t<div class=\"elementor-container elementor-column-gap-default\">\n\t\t\t\t\t<div class=\"elementor-column elementor-col-16 elementor-top-column elementor-element elementor-element-66cd197\" data-id=\"66cd197\" data-element_type=\"column\" data-e-type=\"column\">\n\t\t\t<div class=\"elementor-widget-wrap\">\n\t\t\t\t\t\t\t<\/div>\n\t\t<\/div>\n\t\t\t\t<div class=\"elementor-column elementor-col-66 elementor-top-column elementor-element elementor-element-4cf6765\" data-id=\"4cf6765\" data-element_type=\"column\" data-e-type=\"column\">\n\t\t\t<div class=\"elementor-widget-wrap elementor-element-populated\">\n\t\t\t\t\t\t<div class=\"elementor-element elementor-element-32f3f37 elementor-widget elementor-widget-image\" data-id=\"32f3f37\" data-element_type=\"widget\" data-e-type=\"widget\" data-widget_type=\"image.default\">\n\t\t\t\t\t\t\t\t\t\t\t\t\t\t\t<img decoding=\"async\" src=\"https:\/\/www.native-nanny.de\/wp-content\/uploads\/elementor\/thumbs\/iStock-1191216511-S-rd6tqnn90w5u8if90yoh13w42y06n05i5pqk27tgbi.jpg\" title=\"Mutter und Tochter zeigen Herzsymbol der Liebe\" alt=\"Mutter und Tochter zeigen Herzsymbol der Liebe\" loading=\"lazy\" \/>\t\t\t\t\t\t\t\t\t\t\t\t\t\t\t<\/div>\n\t\t\t\t<div class=\"elementor-element elementor-element-7dc97a5 elementor-widget elementor-widget-text-editor\" data-id=\"7dc97a5\" data-element_type=\"widget\" data-e-type=\"widget\" data-widget_type=\"text-editor.default\">\n\t\t\t\t\t\t\t\t\t<h2>\u2764\ufe0f Native Nanny?<\/h2>\n<p>Kennst du eine Familie, die eine neue Nanny f\u00fcr ihre Kinder sucht?<\/p>\n<p>Kennst du jemanden, der\/die vielleicht Arbeit als Native Nanny finden m\u00f6chte?<\/p>\n<pc>Gro\u00dfartig! Dann lass es sie wissen, indem du auf den Link unten klickst. Es \u00f6ffnet sich automatisch eine E-Mail. Gib einfach deren E-Mail Adresse(n) ein und klicke auf Senden!<\/p>\n<p><span style=\"font-size: 18px;\">\ud83d\udc8c<\/span> <a href=\"mailto:?subject=Schau%20dir%20die%20neue%20Plattform%20Native%20Nanny%20an!&amp;body=Hallo%0A%0ASuchst%20du%20eine%20Nanny%3F%20Oder%20vielleicht%20m%C3%B6chtest%20du%20als%20Nanny%20arbeiten%3F%0A%0ADann%20k%C3%B6nnte%20die%20neue%20Plattform%20Native%20Nanny%20dich%20interessieren.%20Du%20kannst%20sie%20einfach%20nutzen%2C%20um%20Kinderbetreuung%20in%20deiner%20Sprache%20zu%20finden%2C%20oder%20um%20einen%20Job%20bei%20einer%20Familie%20in%20deiner%20N%C3%A4he%20zu%20finden.%0A%0AEs%20ist%20schnell%20und%20einfach%2C%20damit%20anzufangen!%0A%0ABesonderer%20Dank%20vom%20Native%20Nanny%20Team%20f%C3%BCr%20deine%20Hilfe%20bei%20der%20Verbreitung%20unserer%20neuen%20Plattform!%0A%0Ahttps%3A%2F%2Fnative-nanny.de%2Fde\">Empfehle die neue Native Nanny-Plattform an deine Freuende weiter!<\/a><\/p>\n\t\t\t\t\t\t\t\t<\/div>\n\t\t\t\t\t<\/div>\n\t\t<\/div>\n\t\t\t\t<div class=\"elementor-column elementor-col-16 elementor-top-column elementor-element elementor-element-6d2e1e8\" data-id=\"6d2e1e8\" data-element_type=\"column\" data-e-type=\"column\">\n\t\t\t<div class=\"elementor-widget-wrap\">\n\t\t\t\t\t\t\t<\/div>\n\t\t<\/div>\n\t\t\t\t\t<\/div>\n\t\t<\/section>\n\t\t\t\t<section class=\"elementor-section elementor-top-section elementor-element elementor-element-4c577e33 elementor-section-boxed elementor-section-height-default elementor-section-height-default\" data-id=\"4c577e33\" data-element_type=\"section\" data-e-type=\"section\">\n\t\t\t\t\t\t<div class=\"elementor-container elementor-column-gap-default\">\n\t\t\t\t\t<div class=\"elementor-column elementor-col-16 elementor-top-column elementor-element elementor-element-62bb004b\" data-id=\"62bb004b\" data-element_type=\"column\" data-e-type=\"column\">\n\t\t\t<div class=\"elementor-widget-wrap\">\n\t\t\t\t\t\t\t<\/div>\n\t\t<\/div>\n\t\t\t\t<div class=\"elementor-column elementor-col-66 elementor-top-column elementor-element elementor-element-19328588\" data-id=\"19328588\" data-element_type=\"column\" data-e-type=\"column\">\n\t\t\t<div class=\"elementor-widget-wrap elementor-element-populated\">\n\t\t\t\t\t\t<div class=\"elementor-element elementor-element-78c68a7f elementor-widget elementor-widget-spacer\" data-id=\"78c68a7f\" data-element_type=\"widget\" data-e-type=\"widget\" data-widget_type=\"spacer.default\">\n\t\t\t\t\t\t\t<div class=\"elementor-spacer\">\n\t\t\t<div class=\"elementor-spacer-inner\"><\/div>\n\t\t<\/div>\n\t\t\t\t\t\t<\/div>\n\t\t\t\t\t<\/div>\n\t\t<\/div>\n\t\t\t\t<div class=\"elementor-column elementor-col-16 elementor-top-column elementor-element elementor-element-2801dec5\" data-id=\"2801dec5\" data-element_type=\"column\" data-e-type=\"column\">\n\t\t\t<div class=\"elementor-widget-wrap\">\n\t\t\t\t\t\t\t<\/div>\n\t\t<\/div>\n\t\t\t\t\t<\/div>\n\t\t<\/section>\n\t\t\t\t<\/div>\n\t\t","protected":false},"excerpt":{"rendered":"<p>Weiterempfehlen! \u2764\ufe0f Native Nanny? Kennst du eine Familie, die eine neue Nanny f\u00fcr ihre Kinder sucht? Kennst du jemanden, der\/die vielleicht Arbeit als Native Nanny finden m\u00f6chte? Gro\u00dfartig! Dann lass es sie wissen, indem du auf den Link unten klickst. Es \u00f6ffnet sich automatisch eine E-Mail. Gib einfach deren E-Mail Adresse(n) ein und klicke auf [&hellip;]<\/p>\n","protected":false},"author":1,"featured_media":0,"parent":0,"menu_order":0,"comment_status":"closed","ping_status":"closed","template":"","meta":{"site-sidebar-layout":"default","site-content-layout":"default","ast-site-content-layout":"default","site-content-style":"default","site-sidebar-style":"default","ast-global-header-display":"","ast-banner-title-visibility":"","ast-main-header-display":"","ast-hfb-above-header-display":"","ast-hfb-below-header-display":"","ast-hfb-mobile-header-display":"","site-post-title":"","ast-breadcrumbs-content":"","ast-featured-img":"","footer-sml-layout":"","ast-disable-related-posts":"","theme-transparent-header-meta":"default","adv-header-id-meta":"","stick-header-meta":"","header-above-stick-meta":"","header-main-stick-meta":"","header-below-stick-meta":"","astra-migrate-meta-layouts":"default","ast-page-background-enabled":"default","ast-page-background-meta":{"desktop":{"background-color":"","background-image":"","background-repeat":"repeat","background-position":"center center","background-size":"auto","background-attachment":"scroll","background-type":"","background-media":"","overlay-type":"","overlay-color":"","overlay-opacity":"","overlay-gradient":""},"tablet":{"background-color":"","background-image":"","background-repeat":"repeat","background-position":"center center","background-size":"auto","background-attachment":"scroll","background-type":"","background-media":"","overlay-type":"","overlay-color":"","overlay-opacity":"","overlay-gradient":""},"mobile":{"background-color":"","background-image":"","background-repeat":"repeat","background-position":"center center","background-size":"auto","background-attachment":"scroll","background-type":"","background-media":"","overlay-type":"","overlay-color":"","overlay-opacity":"","overlay-gradient":""}},"ast-content-background-meta":{"desktop":{"background-color":"var(--ast-global-color-5)","background-image":"","background-repeat":"repeat","background-position":"center center","background-size":"auto","background-attachment":"scroll","background-type":"","background-media":"","overlay-type":"","overlay-color":"","overlay-opacity":"","overlay-gradient":""},"tablet":{"background-color":"var(--ast-global-color-5)","background-image":"","background-repeat":"repeat","background-position":"center center","background-size":"auto","background-attachment":"scroll","background-type":"","background-media":"","overlay-type":"","overlay-color":"","overlay-opacity":"","overlay-gradient":""},"mobile":{"background-color":"var(--ast-global-color-5)","background-image":"","background-repeat":"repeat","background-position":"center center","background-size":"auto","background-attachment":"scroll","background-type":"","background-media":"","overlay-type":"","overlay-color":"","overlay-opacity":"","overlay-gradient":""}},"footnotes":""},"class_list":["post-7510","page","type-page","status-publish","hentry"],"_links":{"self":[{"href":"https:\/\/www.native-nanny.de\/de\/wp-json\/wp\/v2\/pages\/7510","targetHints":{"allow":["GET"]}}],"collection":[{"href":"https:\/\/www.native-nanny.de\/de\/wp-json\/wp\/v2\/pages"}],"about":[{"href":"https:\/\/www.native-nanny.de\/de\/wp-json\/wp\/v2\/types\/page"}],"author":[{"embeddable":true,"href":"https:\/\/www.native-nanny.de\/de\/wp-json\/wp\/v2\/users\/1"}],"replies":[{"embeddable":true,"href":"https:\/\/www.native-nanny.de\/de\/wp-json\/wp\/v2\/comments?post=7510"}],"version-history":[{"count":0,"href":"https:\/\/www.native-nanny.de\/de\/wp-json\/wp\/v2\/pages\/7510\/revisions"}],"wp:attachment":[{"href":"https:\/\/www.native-nanny.de\/de\/wp-json\/wp\/v2\/media?parent=7510"}],"curies":[{"name":"wp","href":"https:\/\/api.w.org\/{rel}","templated":true}]}}