{"id":33566,"date":"2023-03-06T12:02:18","date_gmt":"2023-03-06T11:02:18","guid":{"rendered":"https:\/\/www.native-nanny.de\/mehrsprachige-kinderbetreuung-fuer-ihre-mitarbeitenden\/"},"modified":"2023-11-21T08:26:26","modified_gmt":"2023-11-21T07:26:26","slug":"mehrsprachige-kinderbetreuung-fuer-ihre-mitarbeitenden","status":"publish","type":"page","link":"https:\/\/www.native-nanny.de\/de\/mehrsprachige-kinderbetreuung-fuer-ihre-mitarbeitenden\/","title":{"rendered":"Mehrsprachige Kinderbetreuung f\u00fcr Ihre Mitarbeitenden"},"content":{"rendered":"\t\t<div data-elementor-type=\"wp-page\" data-elementor-id=\"33566\" class=\"elementor elementor-33566 elementor-33550\" data-elementor-post-type=\"page\">\n\t\t\t\t\t\t<section class=\"elementor-section elementor-top-section elementor-element elementor-element-bf041bd elementor-section-boxed elementor-section-height-default elementor-section-height-default\" data-id=\"bf041bd\" data-element_type=\"section\" data-e-type=\"section\">\n\t\t\t\t\t\t<div class=\"elementor-container elementor-column-gap-default\">\n\t\t\t\t\t<div class=\"elementor-column elementor-col-16 elementor-top-column elementor-element elementor-element-5ed617e7\" data-id=\"5ed617e7\" data-element_type=\"column\" data-e-type=\"column\">\n\t\t\t<div class=\"elementor-widget-wrap\">\n\t\t\t\t\t\t\t<\/div>\n\t\t<\/div>\n\t\t\t\t<div class=\"elementor-column elementor-col-66 elementor-top-column elementor-element elementor-element-2f768b0\" data-id=\"2f768b0\" data-element_type=\"column\" data-e-type=\"column\">\n\t\t\t<div class=\"elementor-widget-wrap elementor-element-populated\">\n\t\t\t\t\t\t<div class=\"elementor-element elementor-element-1f23033a elementor-widget elementor-widget-heading\" data-id=\"1f23033a\" data-element_type=\"widget\" data-e-type=\"widget\" data-widget_type=\"heading.default\">\n\t\t\t\t\t<h1 class=\"elementor-heading-title elementor-size-default\">Mehrsprachige Kinderbetreuung f\u00fcr Ihre Mitarbeitenden<\/h1>\t\t\t\t<\/div>\n\t\t\t\t\t<\/div>\n\t\t<\/div>\n\t\t\t\t<div class=\"elementor-column elementor-col-16 elementor-top-column elementor-element elementor-element-2db5f9f0\" data-id=\"2db5f9f0\" data-element_type=\"column\" data-e-type=\"column\">\n\t\t\t<div class=\"elementor-widget-wrap\">\n\t\t\t\t\t\t\t<\/div>\n\t\t<\/div>\n\t\t\t\t\t<\/div>\n\t\t<\/section>\n\t\t\t\t<section class=\"elementor-section elementor-top-section elementor-element elementor-element-d3ee69d elementor-section-boxed elementor-section-height-default elementor-section-height-default\" data-id=\"d3ee69d\" data-element_type=\"section\" data-e-type=\"section\">\n\t\t\t\t\t\t<div class=\"elementor-container elementor-column-gap-default\">\n\t\t\t\t\t<div class=\"elementor-column elementor-col-16 elementor-top-column elementor-element elementor-element-84d814b\" data-id=\"84d814b\" data-element_type=\"column\" data-e-type=\"column\">\n\t\t\t<div class=\"elementor-widget-wrap\">\n\t\t\t\t\t\t\t<\/div>\n\t\t<\/div>\n\t\t\t\t<div class=\"elementor-column elementor-col-66 elementor-top-column elementor-element elementor-element-ef9d17e\" data-id=\"ef9d17e\" data-element_type=\"column\" data-e-type=\"column\">\n\t\t\t<div class=\"elementor-widget-wrap elementor-element-populated\">\n\t\t\t\t\t\t<div class=\"elementor-element elementor-element-5c81d78 elementor-widget elementor-widget-text-editor\" data-id=\"5c81d78\" data-element_type=\"widget\" data-e-type=\"widget\" data-widget_type=\"text-editor.default\">\n\t\t\t\t\t\t\t\t\t<p>Auf unserem Native Nanny Online-Portal k\u00f6nnen Familien und mehrsprachige Kinderbetreuer:innen sich gegenseitig finden und miteinander in Kontakt treten. Unsere Nannys sprechen mehrere Sprachen und werden pers\u00f6nlich \u00fcberpr\u00fcft. Die Website ist deutschlandweit verf\u00fcgbar und kann leicht in Ihr betriebliches Benefit-Portal integriert werden.<\/p>\n\t\t\t\t\t\t\t\t<\/div>\n\t\t\t\t\t<\/div>\n\t\t<\/div>\n\t\t\t\t<div class=\"elementor-column elementor-col-16 elementor-top-column elementor-element elementor-element-0f522a6\" data-id=\"0f522a6\" data-element_type=\"column\" data-e-type=\"column\">\n\t\t\t<div class=\"elementor-widget-wrap\">\n\t\t\t\t\t\t\t<\/div>\n\t\t<\/div>\n\t\t\t\t\t<\/div>\n\t\t<\/section>\n\t\t\t\t<section class=\"elementor-section elementor-top-section elementor-element elementor-element-813bf83 elementor-section-boxed elementor-section-height-default elementor-section-height-default\" data-id=\"813bf83\" data-element_type=\"section\" data-e-type=\"section\">\n\t\t\t\t\t\t<div class=\"elementor-container elementor-column-gap-default\">\n\t\t\t\t\t<div class=\"elementor-column elementor-col-16 elementor-top-column elementor-element elementor-element-5f3e5da\" data-id=\"5f3e5da\" data-element_type=\"column\" data-e-type=\"column\">\n\t\t\t<div class=\"elementor-widget-wrap\">\n\t\t\t\t\t\t\t<\/div>\n\t\t<\/div>\n\t\t\t\t<div class=\"elementor-column elementor-col-66 elementor-top-column elementor-element elementor-element-51465c4\" data-id=\"51465c4\" data-element_type=\"column\" data-e-type=\"column\" data-settings=\"{&quot;background_background&quot;:&quot;classic&quot;}\">\n\t\t\t<div class=\"elementor-widget-wrap elementor-element-populated\">\n\t\t\t\t\t\t<div class=\"elementor-element elementor-element-ac3c801 elementor-widget elementor-widget-spacer\" data-id=\"ac3c801\" data-element_type=\"widget\" data-e-type=\"widget\" data-widget_type=\"spacer.default\">\n\t\t\t\t\t\t\t<div class=\"elementor-spacer\">\n\t\t\t<div class=\"elementor-spacer-inner\"><\/div>\n\t\t<\/div>\n\t\t\t\t\t\t<\/div>\n\t\t\t\t\t<\/div>\n\t\t<\/div>\n\t\t\t\t<div class=\"elementor-column elementor-col-16 elementor-top-column elementor-element elementor-element-fe6fb70\" data-id=\"fe6fb70\" data-element_type=\"column\" data-e-type=\"column\">\n\t\t\t<div class=\"elementor-widget-wrap\">\n\t\t\t\t\t\t\t<\/div>\n\t\t<\/div>\n\t\t\t\t\t<\/div>\n\t\t<\/section>\n\t\t\t\t<section class=\"elementor-section elementor-top-section elementor-element elementor-element-bfdd69c elementor-section-boxed elementor-section-height-default elementor-section-height-default\" data-id=\"bfdd69c\" data-element_type=\"section\" data-e-type=\"section\">\n\t\t\t\t\t\t<div class=\"elementor-container elementor-column-gap-default\">\n\t\t\t\t\t<div class=\"elementor-column elementor-col-16 elementor-top-column elementor-element elementor-element-c83971e\" data-id=\"c83971e\" data-element_type=\"column\" data-e-type=\"column\">\n\t\t\t<div class=\"elementor-widget-wrap\">\n\t\t\t\t\t\t\t<\/div>\n\t\t<\/div>\n\t\t\t\t<div class=\"elementor-column elementor-col-66 elementor-top-column elementor-element elementor-element-04bf25e\" data-id=\"04bf25e\" data-element_type=\"column\" data-e-type=\"column\">\n\t\t\t<div class=\"elementor-widget-wrap elementor-element-populated\">\n\t\t\t\t\t\t<div class=\"elementor-element elementor-element-21ab62f elementor-widget elementor-widget-text-editor\" data-id=\"21ab62f\" data-element_type=\"widget\" data-e-type=\"widget\" data-widget_type=\"text-editor.default\">\n\t\t\t\t\t\t\t\t\t<p>Ihr Unternehmen kann von mehrsprachiger Kinderbetreuung auf verschiedene Weise profitieren. Zum Beispiel kann sie:<\/p>\r\n<ul>\r\n\t<li>die Work-Life-Balance der Mitarbeiter verbessern<\/li>\r\n\t<li>ein offenes und akzeptierendes Umfeld schaffen, das das Verst\u00e4ndnis zwischen Kulturen f\u00f6rdert<\/li>\r\n\t<li>dazu beitragen, dass die Kinder Ihrer Mitarbeiter und ihre Familien die gleichen Bildungs- und Entwicklungschancen haben wie andere Kinder<\/li>\r\n\t<li>zeigen, dass sich Ihr Unternehmen f\u00fcr die Schaffung eines vielf\u00e4ltigen und integrativen Arbeitsplatzes einsetzt.<\/li>\r\n<\/ul>\r\n<p>Wenn Sie Interesse haben oder weitere Informationen w\u00fcnschen, z\u00f6gern Sie bitte nicht, mit uns \u00fcber das untenstehende Formular Kontakt aufzunehmen. Wir w\u00fcrden uns freuen, Ihnen eine auf Ihr Unternehmen zugeschnittene L\u00f6sung anbieten zu k\u00f6nnen.<\/p>\t\t\t\t\t\t\t\t<\/div>\n\t\t\t\t\t<\/div>\n\t\t<\/div>\n\t\t\t\t<div class=\"elementor-column elementor-col-16 elementor-top-column elementor-element elementor-element-aee1ec7\" data-id=\"aee1ec7\" data-element_type=\"column\" data-e-type=\"column\">\n\t\t\t<div class=\"elementor-widget-wrap\">\n\t\t\t\t\t\t\t<\/div>\n\t\t<\/div>\n\t\t\t\t\t<\/div>\n\t\t<\/section>\n\t\t\t\t<section class=\"elementor-section elementor-top-section elementor-element elementor-element-9cebf3e elementor-section-boxed elementor-section-height-default elementor-section-height-default\" data-id=\"9cebf3e\" data-element_type=\"section\" data-e-type=\"section\">\n\t\t\t\t\t\t<div class=\"elementor-container elementor-column-gap-default\">\n\t\t\t\t\t<div class=\"elementor-column elementor-col-16 elementor-top-column elementor-element elementor-element-6241422\" data-id=\"6241422\" data-element_type=\"column\" data-e-type=\"column\">\n\t\t\t<div class=\"elementor-widget-wrap\">\n\t\t\t\t\t\t\t<\/div>\n\t\t<\/div>\n\t\t\t\t<div class=\"elementor-column elementor-col-66 elementor-top-column elementor-element elementor-element-6231553\" data-id=\"6231553\" data-element_type=\"column\" data-e-type=\"column\">\n\t\t\t<div class=\"elementor-widget-wrap elementor-element-populated\">\n\t\t\t\t\t\t<div class=\"elementor-element elementor-element-dd67157 elementor-widget elementor-widget-toolset-form\" data-id=\"dd67157\" data-element_type=\"widget\" data-e-type=\"widget\" data-widget_type=\"toolset-form.default\">\n\t\t\t\t<div class=\"elementor-widget-container\">\n\t\t\t\t\t<form  id=\"cred_form_56274_1_1\" class=\"cred-form cred-keep-original\" action=\"\/de\/wp-json\/wp\/v2\/pages\/33566?_tt=1776402972\" data-form=\"{&quot;form_id&quot;:&quot;cred_form_56274_1_1&quot;,&quot;use_ajax&quot;:&quot;1&quot;,&quot;wpv_page&quot;:1}\" data-conditionals=\"[]\" method=\"post\">\r\n<div class=\"container-fluid\">\r\n\t<div class=\"row\">\r\n\t\t<div class=\"col-md-12\">\r\n\t\t\t<div id=\"wpt-form-message-56274\"\n\t\t\t              data-message-single=\"Folgendes Problem ist aufgetreten:\"\n\t\t\t              data-message-plural=\"Folgende %NN Probleme sind aufgetreten:\"\n\t\t\t              style=\"display:none;\" class=\"wpt-top-form-error wpt-form-error wpt-form-error-wrapper alert alert-danger alert alert-warning\"><\/div>\r\n\t\t<\/div>\r\n\t<\/div>\r\n\t<div class=\"row\">\r\n\t\t<div class=\"form-group col-md-6\">\r\n\t\t\t<h5 style=\"color: #5f9ea0; font-weight: bold\"><label for=\"cred_form_56274_1_1_bizcontact-first-name\">VORNAME<\/label>&nbsp;<span style=\"color: #de2d2d;\">*<\/span><\/h5>\r\n\t\t\t<div class=\"js-wpt-field-items js-wpt-repetitive wpt-repetitive\" data-initial-conditional=\"\" data-item_name=\"textfield-wpcf-bizcontact-first-name\">\r\n<input type=\"text\" id=\"cred_form_56274_1_1_bizcontact-first-name\" name=\"wpcf-bizcontact-first-name\" value=\"\" class=\"form-control wpt-form-textfield form-textfield textfield\" output=\"bootstrap\" preset_value=\"\" urlparam=\"\" preview=\"\" previewsize=\"\" select_label=\"\" edit_label=\"\" value_escape=\"\" make_readonly=\"\" placeholder=\"\" select_text=\"\" data-wpt-validate=\"{&quot;required&quot;:{&quot;args&quot;:{&quot;1&quot;:true},&quot;message&quot;:&quot;Dieses Feld ist erforderlich.&quot;}}\" data-wpt-field-title=\"FIRST NAME\" data-parsley-required=\"true\" data-parsley-required-message=\"Dieses Feld ist erforderlich.\" data-parsley-credfilesize=\"2147483648\" data-wpt-type=\"textfield\" data-wpt-id=\"cred_form_56274_1_1_cred_form_56274_1_1_bizcontact-first-name\" data-wpt-name=\"wpcf-bizcontact-first-name\" \/>\r\n<\/div>\r\n\t\t<\/div>\r\n\t\t<div class=\"form-group col-md-6\">\r\n\t\t\t<h5 style=\"color: #5f9ea0; font-weight: bold\"><label for=\"cred_form_56274_1_1_bizcontact-last-name\">NACHNAME<\/label>&nbsp;<span style=\"color: #de2d2d;\">*<\/span><\/h5>\r\n\t\t\t<div class=\"js-wpt-field-items js-wpt-repetitive wpt-repetitive\" data-initial-conditional=\"\" data-item_name=\"textfield-wpcf-bizcontact-last-name\">\r\n<input type=\"text\" id=\"cred_form_56274_1_1_bizcontact-last-name\" name=\"wpcf-bizcontact-last-name\" value=\"\" class=\"form-control wpt-form-textfield form-textfield textfield\" output=\"bootstrap\" preset_value=\"\" urlparam=\"\" preview=\"\" previewsize=\"\" select_label=\"\" edit_label=\"\" value_escape=\"\" make_readonly=\"\" placeholder=\"\" select_text=\"\" data-wpt-validate=\"{&quot;required&quot;:{&quot;args&quot;:{&quot;1&quot;:true},&quot;message&quot;:&quot;Dieses Feld ist erforderlich.&quot;}}\" data-wpt-field-title=\"LAST NAME\" data-parsley-required=\"true\" data-parsley-required-message=\"Dieses Feld ist erforderlich.\" data-parsley-credfilesize=\"2147483648\" data-wpt-type=\"textfield\" data-wpt-id=\"cred_form_56274_1_1_cred_form_56274_1_1_bizcontact-last-name\" data-wpt-name=\"wpcf-bizcontact-last-name\" \/>\r\n<\/div>\r\n\t\t<\/div>\r\n\t<\/div>\r\n\t<div class=\"row\">\r\n\t\t<div class=\"form-group col-md-12\">\r\n\t\t\t<h5 style=\"color: #5f9ea0; font-weight: bold\"><label for=\"cred_form_56274_1_1_bizcontact-company-name\">FIRMENNAME<\/label>&nbsp;<span style=\"color: #de2d2d;\">*<\/span><\/h5>\r\n\t\t\t<div class=\"js-wpt-field-items js-wpt-repetitive wpt-repetitive\" data-initial-conditional=\"\" data-item_name=\"textfield-wpcf-bizcontact-company-name\">\r\n<input type=\"text\" id=\"cred_form_56274_1_1_bizcontact-company-name\" name=\"wpcf-bizcontact-company-name\" value=\"\" class=\"form-control wpt-form-textfield form-textfield textfield\" output=\"bootstrap\" preset_value=\"\" urlparam=\"\" preview=\"\" previewsize=\"\" select_label=\"\" edit_label=\"\" value_escape=\"\" make_readonly=\"\" placeholder=\"\" select_text=\"\" data-wpt-validate=\"{&quot;required&quot;:{&quot;args&quot;:{&quot;1&quot;:true},&quot;message&quot;:&quot;Dieses Feld ist erforderlich.&quot;}}\" data-wpt-field-title=\"COMPANY NAME\" data-parsley-required=\"true\" data-parsley-required-message=\"Dieses Feld ist erforderlich.\" data-parsley-credfilesize=\"2147483648\" data-wpt-type=\"textfield\" data-wpt-id=\"cred_form_56274_1_1_cred_form_56274_1_1_bizcontact-company-name\" data-wpt-name=\"wpcf-bizcontact-company-name\" \/>\r\n<\/div>\r\n\t\t<\/div>\r\n\t<\/div>\r\n\t<div class=\"row\">\r\n\t\t<div class=\"form-group col-md-6\">\r\n\t\t\t<h5 style=\"color: #5f9ea0; font-weight: bold\"><label for=\"cred_form_56274_1_1_bizcontact-email-address\">E-MAIL-ADRESSE<\/label>&nbsp;<span style=\"color: #de2d2d;\">*<\/span><\/h5>\r\n\t\t\t<div class=\"js-wpt-field-items js-wpt-repetitive wpt-repetitive\" data-initial-conditional=\"\" data-item_name=\"email-wpcf-bizcontact-email-address\">\r\n<input type=\"text\" id=\"cred_form_56274_1_1_bizcontact-email-address\" name=\"wpcf-bizcontact-email-address\" value=\"\" class=\"form-control wpt-form-textfield form-textfield textfield\" output=\"bootstrap\" preset_value=\"\" urlparam=\"\" preview=\"\" previewsize=\"\" select_label=\"\" edit_label=\"\" value_escape=\"\" make_readonly=\"\" placeholder=\"\" select_text=\"\" data-wpt-validate=\"{&quot;required&quot;:{&quot;args&quot;:{&quot;1&quot;:true},&quot;message&quot;:&quot;Dieses Feld ist erforderlich.&quot;},&quot;email&quot;:{&quot;args&quot;:{&quot;1&quot;:true},&quot;message&quot;:&quot;Bitte gib eine g\u00fcltige E-Mail-Adresse ein.&quot;}}\" data-wpt-field-title=\"EMAIL ADDRESS\" data-parsley-required=\"true\" data-parsley-required-message=\"Dieses Feld ist erforderlich.\" data-parsley-credfilesize=\"2147483648\" data-parsley-type=\"email\" data-parsley-error-message=\"Bitte gib eine g\u00fcltige E-Mail-Adresse ein.\" data-wpt-type=\"textfield\" data-wpt-id=\"cred_form_56274_1_1_cred_form_56274_1_1_bizcontact-email-address\" data-wpt-name=\"wpcf-bizcontact-email-address\" \/>\r\n<\/div>\r\n\t\t<\/div>\r\n\t\t<div class=\"form-group col-md-6\">\r\n\t\t\t<h5 style=\"color: #5f9ea0; font-weight: bold\"><label for=\"cred_form_56274_1_1_bizcontact-telephone-number\">TELEFONNUMMER<\/label><\/h5>\r\n\t\t\t<div class=\"js-wpt-field-items js-wpt-repetitive wpt-repetitive\" data-initial-conditional=\"\" data-item_name=\"phone-wpcf-bizcontact-telephone-number\">\r\n<input type=\"text\" id=\"cred_form_56274_1_1_bizcontact-telephone-number\" name=\"wpcf-bizcontact-telephone-number\" value=\"\" class=\"form-control wpt-form-textfield form-textfield textfield\" output=\"bootstrap\" preset_value=\"\" urlparam=\"\" preview=\"\" previewsize=\"\" select_label=\"\" edit_label=\"\" value_escape=\"\" make_readonly=\"\" placeholder=\"+491621234567\" select_text=\"\" data-wpt-type=\"textfield\" data-wpt-id=\"cred_form_56274_1_1_cred_form_56274_1_1_bizcontact-telephone-number\" data-wpt-name=\"wpcf-bizcontact-telephone-number\" \/>\r\n<\/div>\r\n\t\t<\/div>\r\n\t<\/div>\r\n\t<div class=\"row\">\r\n\t\t<div class=\"form-group col-md-12\">\r\n\t\t\t<h5 style=\"color: #5f9ea0; font-weight: bold\"><label for=\"cred_form_56274_1_1_bizcontact-message\">NACHRICHT<\/label>\r\n\t\t\t<div class=\"js-wpt-field-items js-wpt-repetitive wpt-repetitive\" data-initial-conditional=\"\" data-item_name=\"textarea-wpcf-bizcontact-message\">\r\n<textarea id=\"cred_form_56274_1_1_bizcontact-message\" name=\"wpcf-bizcontact-message\" class=\"form-control wpt-form-textarea form-textarea textarea\" output=\"bootstrap\" preset_value=\"\" urlparam=\"\" preview=\"\" previewsize=\"\" select_label=\"\" edit_label=\"\" value_escape=\"\" make_readonly=\"\" placeholder=\"Erz\u00e4hlen Sie uns bitte in ein paar Zeilen, was Ihr Unternehmen braucht ...\" select_text=\"\" rows=\"5\" cols=\"1\" data-wpt-type=\"textarea\" data-wpt-id=\"cred_form_56274_1_1_cred_form_56274_1_1_bizcontact-message\" data-wpt-name=\"wpcf-bizcontact-message\"><\/textarea>\r\n\r\n<\/div>\r\n\t\t<\/div>\r\n\t<\/div>\r\n\t<div class=\"row\">\r\n\t\t<div class=\"col-md-12\">\r\n\t\t\t<div class=\"js-wpt-field-items js-wpt-repetitive wpt-repetitive\" data-initial-conditional=\"\" data-item_name=\"recaptcha-recaptcha\"><div id=\"recaptcha_cred_form_56274_1_1_recaptcha\" class=\"g-recaptcha\" data-sitekey=\"6Lc_gb0UAAAAAPP63sZnQjgvxa1KxKilmLR84TpH\"><\/div><div class=\"recaptcha_error\" style=\"color:#aa0000;display:none;\">Bitte validieren Sie das reCAPTCHA<\/div>\r\n\r\n<input type=\"text\" id=\"cred_form_56274_1_1__recaptcha\" name=\"_recaptcha\" value=\"\" style=\"display:none;\" class=\"wpt-form-textfield form-textfield textfield\" data-wpt-type=\"textfield\" data-wpt-id=\"cred_form_56274_1_1_cred_form_56274_1_1__recaptcha\" data-wpt-name=\"_recaptcha\" \/>\r\n<\/div>\r\n\t\t<\/div>\r\n\t<\/div>\r\n\t<br>\r\n\t<div class=\"row\">\r\n\t\t<div class=\"col-md-12\">\r\n\t\t\t<input type=\"submit\" id=\"cred_form_56274_1_1_form_submit_1\" name=\"form_submit_1\" value=\"Senden\" class=\" wpt-form-submit form-submit submit\" \/>\r\n\t\t<\/div>\r\n\t<\/div>\r\n<\/div>\r\n<input type=\"hidden\" id=\"cred_form_56274_1_1__cred_cred_prefix_post_id\" name=\"_cred_cred_prefix_post_id\" value=\"109847\" class=\"wpt-form-hidden form-hidden\" data-wpt-id=\"cred_form_56274_1_1_cred_form_56274_1_1__cred_cred_prefix_post_id\" data-wpt-name=\"_cred_cred_prefix_post_id\" \/><input type=\"hidden\" id=\"cred_form_56274_1_1__cred_cred_prefix_cred_container_id\" name=\"_cred_cred_prefix_cred_container_id\" value=\"33566\" class=\"wpt-form-hidden form-hidden\" data-wpt-id=\"cred_form_56274_1_1_cred_form_56274_1_1__cred_cred_prefix_cred_container_id\" data-wpt-name=\"_cred_cred_prefix_cred_container_id\" \/><input type=\"hidden\" id=\"cred_form_56274_1_1__cred_cred_prefix_form_id\" name=\"_cred_cred_prefix_form_id\" value=\"56274\" class=\"wpt-form-hidden form-hidden\" data-wpt-id=\"cred_form_56274_1_1_cred_form_56274_1_1__cred_cred_prefix_form_id\" data-wpt-name=\"_cred_cred_prefix_form_id\" \/><input type=\"hidden\" id=\"cred_form_56274_1_1__cred_cred_prefix_form_count\" name=\"_cred_cred_prefix_form_count\" value=\"1\" class=\"wpt-form-hidden form-hidden\" data-wpt-id=\"cred_form_56274_1_1_cred_form_56274_1_1__cred_cred_prefix_form_count\" data-wpt-name=\"_cred_cred_prefix_form_count\" \/><\/form>\t\t\t\t<\/div>\n\t\t\t\t<\/div>\n\t\t\t\t\t<\/div>\n\t\t<\/div>\n\t\t\t\t<div class=\"elementor-column elementor-col-16 elementor-top-column elementor-element elementor-element-e296f8b\" data-id=\"e296f8b\" data-element_type=\"column\" data-e-type=\"column\">\n\t\t\t<div class=\"elementor-widget-wrap\">\n\t\t\t\t\t\t\t<\/div>\n\t\t<\/div>\n\t\t\t\t\t<\/div>\n\t\t<\/section>\n\t\t\t\t<section class=\"elementor-section elementor-top-section elementor-element elementor-element-4f6fa7e elementor-section-boxed elementor-section-height-default elementor-section-height-default\" data-id=\"4f6fa7e\" data-element_type=\"section\" data-e-type=\"section\">\n\t\t\t\t\t\t<div class=\"elementor-container elementor-column-gap-default\">\n\t\t\t\t\t<div class=\"elementor-column elementor-col-100 elementor-top-column elementor-element elementor-element-67a9774\" data-id=\"67a9774\" data-element_type=\"column\" data-e-type=\"column\">\n\t\t\t<div class=\"elementor-widget-wrap elementor-element-populated\">\n\t\t\t\t\t\t<div class=\"elementor-element elementor-element-b88a109 elementor-widget elementor-widget-spacer\" data-id=\"b88a109\" data-element_type=\"widget\" data-e-type=\"widget\" data-widget_type=\"spacer.default\">\n\t\t\t\t\t\t\t<div class=\"elementor-spacer\">\n\t\t\t<div class=\"elementor-spacer-inner\"><\/div>\n\t\t<\/div>\n\t\t\t\t\t\t<\/div>\n\t\t\t\t\t<\/div>\n\t\t<\/div>\n\t\t\t\t\t<\/div>\n\t\t<\/section>\n\t\t\t\t<\/div>\n\t\t","protected":false},"excerpt":{"rendered":"<p>Mehrsprachige Kinderbetreuung f\u00fcr Ihre Mitarbeitenden Auf unserem Native Nanny Online-Portal k\u00f6nnen Familien und mehrsprachige Kinderbetreuer:innen sich gegenseitig finden und miteinander in Kontakt treten. Unsere Nannys sprechen mehrere Sprachen und werden pers\u00f6nlich \u00fcberpr\u00fcft. Die Website ist deutschlandweit verf\u00fcgbar und kann leicht in Ihr betriebliches Benefit-Portal integriert werden. Ihr Unternehmen kann von mehrsprachiger Kinderbetreuung auf verschiedene Weise [&hellip;]<\/p>\n","protected":false},"author":1,"featured_media":0,"parent":0,"menu_order":0,"comment_status":"closed","ping_status":"closed","template":"","meta":{"site-sidebar-layout":"no-sidebar","site-content-layout":"page-builder","ast-site-content-layout":"full-width-container","site-content-style":"unboxed","site-sidebar-style":"unboxed","ast-global-header-display":"","ast-banner-title-visibility":"","ast-main-header-display":"","ast-hfb-above-header-display":"","ast-hfb-below-header-display":"","ast-hfb-mobile-header-display":"","site-post-title":"disabled","ast-breadcrumbs-content":"","ast-featured-img":"disabled","footer-sml-layout":"","ast-disable-related-posts":"","theme-transparent-header-meta":"","adv-header-id-meta":"","stick-header-meta":"","header-above-stick-meta":"","header-main-stick-meta":"","header-below-stick-meta":"","astra-migrate-meta-layouts":"set","ast-page-background-enabled":"default","ast-page-background-meta":{"desktop":{"background-color":"","background-image":"","background-repeat":"repeat","background-position":"center center","background-size":"auto","background-attachment":"scroll","background-type":"","background-media":"","overlay-type":"","overlay-color":"","overlay-opacity":"","overlay-gradient":""},"tablet":{"background-color":"","background-image":"","background-repeat":"repeat","background-position":"center center","background-size":"auto","background-attachment":"scroll","background-type":"","background-media":"","overlay-type":"","overlay-color":"","overlay-opacity":"","overlay-gradient":""},"mobile":{"background-color":"","background-image":"","background-repeat":"repeat","background-position":"center center","background-size":"auto","background-attachment":"scroll","background-type":"","background-media":"","overlay-type":"","overlay-color":"","overlay-opacity":"","overlay-gradient":""}},"ast-content-background-meta":{"desktop":{"background-color":"var(--ast-global-color-5)","background-image":"","background-repeat":"repeat","background-position":"center center","background-size":"auto","background-attachment":"scroll","background-type":"","background-media":"","overlay-type":"","overlay-color":"","overlay-opacity":"","overlay-gradient":""},"tablet":{"background-color":"var(--ast-global-color-5)","background-image":"","background-repeat":"repeat","background-position":"center center","background-size":"auto","background-attachment":"scroll","background-type":"","background-media":"","overlay-type":"","overlay-color":"","overlay-opacity":"","overlay-gradient":""},"mobile":{"background-color":"var(--ast-global-color-5)","background-image":"","background-repeat":"repeat","background-position":"center center","background-size":"auto","background-attachment":"scroll","background-type":"","background-media":"","overlay-type":"","overlay-color":"","overlay-opacity":"","overlay-gradient":""}},"footnotes":""},"class_list":["post-33566","page","type-page","status-publish","hentry"],"_links":{"self":[{"href":"https:\/\/www.native-nanny.de\/de\/wp-json\/wp\/v2\/pages\/33566","targetHints":{"allow":["GET"]}}],"collection":[{"href":"https:\/\/www.native-nanny.de\/de\/wp-json\/wp\/v2\/pages"}],"about":[{"href":"https:\/\/www.native-nanny.de\/de\/wp-json\/wp\/v2\/types\/page"}],"author":[{"embeddable":true,"href":"https:\/\/www.native-nanny.de\/de\/wp-json\/wp\/v2\/users\/1"}],"replies":[{"embeddable":true,"href":"https:\/\/www.native-nanny.de\/de\/wp-json\/wp\/v2\/comments?post=33566"}],"version-history":[{"count":0,"href":"https:\/\/www.native-nanny.de\/de\/wp-json\/wp\/v2\/pages\/33566\/revisions"}],"wp:attachment":[{"href":"https:\/\/www.native-nanny.de\/de\/wp-json\/wp\/v2\/media?parent=33566"}],"curies":[{"name":"wp","href":"https:\/\/api.w.org\/{rel}","templated":true}]}}